{"id":1178,"date":"2014-10-18T17:34:54","date_gmt":"2014-10-18T17:34:54","guid":{"rendered":"http:\/\/www.fictionandphotographs.de\/wordpress\/?page_id=1178"},"modified":"2016-10-31T19:57:18","modified_gmt":"2016-10-31T19:57:18","slug":"visionaere-gegen-die-gicht-textauszug","status":"publish","type":"page","link":"http:\/\/www.fictionandphotographs.de\/wordpress\/fiction\/visionaere-gegen-die-gicht-textauszug\/","title":{"rendered":"Vision\u00e4re gegen die Gicht (Textauszug)"},"content":{"rendered":"<p class=\"p1\"><span class=\"s1\"><i>Der reichste Mann der Welt, Bill Gates, sitzt in einem lila Loungechair und schaut aufs Meer. Im Hintergrund l\u00e4uft Gitarrenmusik, Tarregas \u201eL\u00e1grima&#8220;. Da kneift er die Augen zusammen: Weit drau\u00dfen hat er eine Nussschale ersp\u00e4ht, darauf<\/i><\/span><i> <\/i><span class=\"s1\"><i>winkt jemand. Gates befielt seinem Assistenten, den Mann zu retten. Kurze Zeit sp\u00e4ter sitzt ihm ein Alter mit wei\u00dfem Bart und Kutte gegen\u00fcber. Johannes Gutenberg ist barfu\u00df, er spielt verlegen mit den Zehen auf<\/i><\/span><i> <\/i><span class=\"s1\"><i>dem Marmorboden. Bill Gates l\u00e4chelt.<\/i><\/span><\/p>\n<p class=\"p1\"><span class=\"s1\"><strong>Gates<\/strong> \u00a0 \u00a0 \u00a0 \u00a0 \u00a0 \u00a0 Tee?<\/span><\/p>\n<p class=\"p1\"><span class=\"s1\"><strong>Gutenberg<\/strong> \u00a0 \u00a0Danke, gern.\u00a0<i>(Ein Angestellter bringt Tee in goldenen Tassen.)<\/i><\/span><\/p>\n<p class=\"p1\"><span class=\"s1\"><strong>Gates<\/strong> \u00a0 \u00a0 \u00a0 \u00a0 \u00a0 \u00a0 Das war knapp. Sie h\u00e4tten ertrinken k\u00f6nnen.<\/span><\/p>\n<p class=\"p1\"><span class=\"s1\"><strong>Gutenberg<\/strong> \u00a0 \u00a0Ich wollte ertrinken, doch dann bekam ich Angst.<\/span><\/p>\n<p class=\"p1\"><span class=\"s1\"><strong>Gates<\/strong> \u00a0 \u00a0 \u00a0 \u00a0 \u00a0 \u00a0Wovor?<\/span><\/p>\n<p class=\"p1\"><strong>Gutenberg<\/strong> \u00a0 Wasser in der Lunge. Ich dachte, das wird unangehm.\u00a0Wissen Sie, ich hab\u2018 schon Wasser in den Knien, ich wei\u00df,\u00a0wovon ich rede.<\/p>\n<p class=\"p1\"><span class=\"s1\"><strong>Gates<\/strong> \u00a0 \u00a0 \u00a0 \u00a0 \u00a0 \u00a0Woher stammen Sie?<\/span><\/p>\n<p class=\"p1\"><span class=\"s1\"><strong>Gutenberg<\/strong> \u00a0 Aus einer Welt, der das Wasser l\u00e4ngst zum Halse reicht.\u00a0<i>(Er sieht erwartungsvoll zu Gates, doch der verzieht keine Mine.)\u00a0<\/i>Naja, im Witze rei\u00dfen war ich nie gut. Um ehrlich zu sein,\u00a0ich bin ein rechter Langeweiler, hab\u2018 meine Zeit mit dem Bau\u00a0einer Maschine vertan und heute frag\u2018 ich mich, ob das nicht\u00a0ein Fehler war, <i>(zu sich)<\/i> ein gro\u00dfer Fehler.<\/span><\/p>\n<p class=\"p1\"><span class=\"s1\"><strong>Gates<\/strong> \u00a0 \u00a0 \u00a0 \u00a0 \u00a0 \u00a0 \u00a0 \u00a0 Sie haben etwas erfunden, der Menschheit geschenkt, sie in\u00a0eine neue Dimension gef\u00fchrt und dann einen Tritt in den\u00a0Hintern bekommen?<\/span><\/p>\n<p class=\"p1\"><span class=\"s1\"><strong>Gutenberg<\/strong> \u00a0 \u00a0 \u00a0 \u00a0Genau, woher wissen Sie &#8230; ?<\/span><\/p>\n<p class=\"p1\"><span class=\"s1\"><strong>Gates<\/strong> \u00a0 \u00a0 \u00a0 \u00a0 \u00a0 \u00a0 \u00a0 \u00a0 Hab\u2018 auch was erfunden.<\/span><\/p>\n<p class=\"p1\"><span class=\"s1\"><strong>Gutenberg<\/strong> \u00a0 \u00a0 \u00a0 \u00a0Worin bestand denn Ihre Errungenschaft?<\/span><\/p>\n<p class=\"p1\"><span class=\"s1\"><strong>Gates<\/strong> \u00a0 \u00a0 \u00a0 \u00a0 \u00a0 \u00a0 \u00a0 \u00a0 Partizipation der Massen an Wissen.<\/span><\/p>\n<p class=\"p1\"><span class=\"s1\"><strong>Gutenberg<\/strong> \u00a0 \u00a0 \u00a0 \u00a0Aber, das war\u2018s ja auch bei mir!<\/span><\/p>\n<p><strong>Weiterlesen? Hier erfahren Sie, was Bill Gates und Johannes Gutenberg noch verbindet, &#8211; und zwar als\u00a0<\/strong><\/p>\n<p>\n <a class=\"btn btn-live show-btn\" href=\"http:\/\/wp.fictionandphotographs.net\/\"> \u00a0 pdf zum ausdrucken \u00a0 <\/a> und in K\u00fcrze auch als interaktives pdf f\u00fcr ipad sowie als Taschenbuch.<\/p>\n","protected":false},"excerpt":{"rendered":"<p>Der reichste Mann der Welt, Bill Gates, sitzt in einem lila Loungechair und schaut aufs Meer. Im Hintergrund l\u00e4uft Gitarrenmusik, Tarregas \u201eL\u00e1grima&#8220;. Da kneift er die Augen zusammen: Weit drau\u00dfen hat er eine Nussschale ersp\u00e4ht, darauf winkt jemand. Gates befielt seinem Assistenten, den Mann zu retten. Kurze Zeit sp\u00e4ter sitzt ihm ein Alter mit wei\u00dfem [&hellip;]<\/p>\n","protected":false},"author":1,"featured_media":0,"parent":1122,"menu_order":5,"comment_status":"open","ping_status":"open","template":"","meta":{"footnotes":""},"class_list":["post-1178","page","type-page","status-publish","hentry"],"_links":{"self":[{"href":"https:\/\/www.fictionandphotographs.de\/wordpress\/wp-json\/wp\/v2\/pages\/1178","targetHints":{"allow":["GET"]}}],"collection":[{"href":"https:\/\/www.fictionandphotographs.de\/wordpress\/wp-json\/wp\/v2\/pages"}],"about":[{"href":"https:\/\/www.fictionandphotographs.de\/wordpress\/wp-json\/wp\/v2\/types\/page"}],"author":[{"embeddable":true,"href":"https:\/\/www.fictionandphotographs.de\/wordpress\/wp-json\/wp\/v2\/users\/1"}],"replies":[{"embeddable":true,"href":"https:\/\/www.fictionandphotographs.de\/wordpress\/wp-json\/wp\/v2\/comments?post=1178"}],"version-history":[{"count":18,"href":"https:\/\/www.fictionandphotographs.de\/wordpress\/wp-json\/wp\/v2\/pages\/1178\/revisions"}],"predecessor-version":[{"id":3572,"href":"https:\/\/www.fictionandphotographs.de\/wordpress\/wp-json\/wp\/v2\/pages\/1178\/revisions\/3572"}],"up":[{"embeddable":true,"href":"https:\/\/www.fictionandphotographs.de\/wordpress\/wp-json\/wp\/v2\/pages\/1122"}],"wp:attachment":[{"href":"https:\/\/www.fictionandphotographs.de\/wordpress\/wp-json\/wp\/v2\/media?parent=1178"}],"curies":[{"name":"wp","href":"https:\/\/api.w.org\/{rel}","templated":true}]}}