{"id":1148,"date":"2014-10-18T16:03:49","date_gmt":"2014-10-18T16:03:49","guid":{"rendered":"http:\/\/www.fictionandphotographs.de\/wordpress\/?page_id=1148"},"modified":"2017-11-13T12:20:52","modified_gmt":"2017-11-13T12:20:52","slug":"hinter-glas-1","status":"publish","type":"page","link":"http:\/\/www.fictionandphotographs.de\/wordpress\/fiction\/hinter-glas-1\/","title":{"rendered":"Hinter Glas (Textauszug)"},"content":{"rendered":"<p class=\"p1\"><span class=\"s1\">\u00a0\u00a0\u00a0\u00a0 \u201eWar \u2019n feiner Laden gewesen\u201c, sagte Hannes, Lorenz nickte \u00fcbertrieben, dabei schlug seine Stirn gegen die Scheibe.<br \/>\n<\/span><span class=\"s1\">\u201eDie Leute gingen sch\u00e4big rein und kamen vornehm raus, selbst die, die kein Geld hatten, ein richtiger Zauberladen. Meine Schw\u00e4gerin hat da einen Pelz her, ohne dass sie daf\u00fcr bezahlt hat.\u201c Lorenz grunzte, und im Einvernehmen \u00fcber die wundersame Wirkung des einstigen Konsumtempels tranken sie die Flasche bis zur Neige.<br \/>\n\u201eDu bist dran mit Holen\u201c, sagte Hannes und schubste Lorenz Richtung Supermarkt.<\/span><\/p>\n<p class=\"p1\"><span class=\"s1\">\u00a0\u00a0\u00a0\u00a0 Kurz darauf setzte Hannes die Mittagsflasche an, gurgelte ein wenig und reichte sie Lorenz. In seiner Manteltasche z\u00e4hlte er mit den Fingern das Geld.<br \/>\n\u201eH\u00e4lt bis Mittwoch\u201c, sagte er, aber Lorenz hing schon wieder an der Scheibe, sacht klopfte er mit dem Finger dagegen. Hannes seufzte und nahm noch einen Schluck. Lorenz klopfte kr\u00e4ftiger, gurgelte und zog Hannes am \u00c4rmel. Hannes schirmte die Augen mit beiden H\u00e4nden ab, um besser sehen zu k\u00f6nnen. Der Laden schien ihm noch dunkler, noch staubiger als zuvor. Lorenz h\u00e4mmerte immer noch gegen das Glas, \u201ehhrrch\u201c, machte er, Hannes nahm noch einen Schluck. <\/span><\/p>\n<p class=\"p1\"><span class=\"s1\">\u00a0\u00a0\u00a0\u00a0 \u201eOkay, wenn ich mich konzentriere, sehe ich ganz hinten Licht\u201c, sagte er, sch\u00fcttelte dann den Kopf und setzte die Flasche wieder an. Vielleicht war der Schnaps doch nicht so ein Qualit\u00e4tsprodukt, wie es die Werbung versprach. Oder es war einfach nur die K\u00e4lte. Sicherheitshalber nahm er noch einen Schluck. Lorenz gurgelte. Hannes schaute wieder hinein.<br \/>\n\u201eKassiert da eine?\u201c Lorenz riss Hannes die Flasche aus der Hand und schluckte h\u00f6rbar, Hannes warf die Haare zur\u00fcck, drehte sich einmal im Kreis und hing wieder an der Scheibe.<br \/>\n\u201eDie Dicke im Pelz kenn ich doch!\u201c <\/span><\/p>\n<p class=\"p1\"><span class=\"s1\">\u00a0\u00a0\u00a0\u00a0 Da ratterte es neben ihnen, sie schreckten zur\u00fcck und starrten auf das Eingangsgitter, das gerade oben anschlug. Heraus trat ein livrierter Angestellter.<br \/>\n\u201eHerein, herein\u201c, rief er ihnen zu. Lorenz griff nach der Flasche in Hannes\u2019 Hand, doch der riss sie fort und leerte die Mittagsflasche in einem Zug.<br \/>\n\u201eKommen Sie jetzt vielleicht, ich hab nicht ewig Zeit\u201c, maulte der Livrierte. Und da sie Hoffnung hatten, im Kaufhaus sich ohne fl\u00fcssige Heizung w\u00e4rmen zu k\u00f6nnen, schwankten sie an dem Mann vorbei in die Halle.<\/span><\/p>\n<p><strong>weiterlesen? hier erfahren sie, wie es hannes und lorenz im luxus geht &#8211; und zwar als\u00a0<\/strong><\/p>\n<p>\n <a class=\"btn btn-live show-btn\" href=\"http:\/\/wp.fictionandphotographs.net\/\"> \u00a0 pdf zum ausdrucken \u00a0 <\/a> \u00a0und demn\u00e4chst auch als interaktive erz\u00e4hlung f\u00fcr pad und als taschenbuch.<\/p>\n","protected":false},"excerpt":{"rendered":"<p>\u00a0\u00a0\u00a0\u00a0 \u201eWar \u2019n feiner Laden gewesen\u201c, sagte Hannes, Lorenz nickte \u00fcbertrieben, dabei schlug seine Stirn gegen die Scheibe. \u201eDie Leute gingen sch\u00e4big rein und kamen vornehm raus, selbst die, die kein Geld hatten, ein richtiger Zauberladen. Meine Schw\u00e4gerin hat da einen Pelz her, ohne dass sie daf\u00fcr bezahlt hat.\u201c Lorenz grunzte, und im Einvernehmen \u00fcber [&hellip;]<\/p>\n","protected":false},"author":1,"featured_media":0,"parent":1122,"menu_order":0,"comment_status":"closed","ping_status":"closed","template":"","meta":{"footnotes":""},"class_list":["post-1148","page","type-page","status-publish","hentry"],"_links":{"self":[{"href":"https:\/\/www.fictionandphotographs.de\/wordpress\/wp-json\/wp\/v2\/pages\/1148","targetHints":{"allow":["GET"]}}],"collection":[{"href":"https:\/\/www.fictionandphotographs.de\/wordpress\/wp-json\/wp\/v2\/pages"}],"about":[{"href":"https:\/\/www.fictionandphotographs.de\/wordpress\/wp-json\/wp\/v2\/types\/page"}],"author":[{"embeddable":true,"href":"https:\/\/www.fictionandphotographs.de\/wordpress\/wp-json\/wp\/v2\/users\/1"}],"replies":[{"embeddable":true,"href":"https:\/\/www.fictionandphotographs.de\/wordpress\/wp-json\/wp\/v2\/comments?post=1148"}],"version-history":[{"count":50,"href":"https:\/\/www.fictionandphotographs.de\/wordpress\/wp-json\/wp\/v2\/pages\/1148\/revisions"}],"predecessor-version":[{"id":3928,"href":"https:\/\/www.fictionandphotographs.de\/wordpress\/wp-json\/wp\/v2\/pages\/1148\/revisions\/3928"}],"up":[{"embeddable":true,"href":"https:\/\/www.fictionandphotographs.de\/wordpress\/wp-json\/wp\/v2\/pages\/1122"}],"wp:attachment":[{"href":"https:\/\/www.fictionandphotographs.de\/wordpress\/wp-json\/wp\/v2\/media?parent=1148"}],"curies":[{"name":"wp","href":"https:\/\/api.w.org\/{rel}","templated":true}]}}